{"id":2,"date":"2016-05-10T03:48:21","date_gmt":"2016-05-10T03:48:21","guid":{"rendered":"http:\/\/design.bettina-lotz.de\/?page_id=2"},"modified":"2018-07-24T08:36:21","modified_gmt":"2018-07-24T08:36:21","slug":"sample-page","status":"publish","type":"page","link":"https:\/\/bettina-lotz.de\/","title":{"rendered":"Art&#038;Design"},"content":{"rendered":"<h2>Neue Sinnlichkeit verbunden mit Form und Material ist die Tradition der Moderne<\/h2>\n<p>\u201e<em>Mein Ziel ist es, Produkte zu schaffen, die eine Synthese aus anspruchsvollem Design und Handwerk darstellen &#8211; in den Dingen der Wohnwelt pr\u00e4gen sie Wert und Best\u00e4ndigkeit. Das Textile unterstreicht die Gesamtkonzeption in R\u00e4umen<\/em>.\u201d<\/p>\n<p><strong>Bettina Lotz <\/strong>(Lindner-Adomeit)<\/p>\n","protected":false},"excerpt":{"rendered":"<p>Neue Sinnlichkeit verbunden mit Form und Material ist die Tradition der Moderne \u201eMein Ziel ist es, Produkte zu schaffen, die eine Synthese aus anspruchsvollem Design und Handwerk darstellen &#8211; in den Dingen der Wohnwelt pr\u00e4gen sie Wert und Best\u00e4ndigkeit. Das Textile unterstreicht die Gesamtkonzeption in R\u00e4umen.\u201d Bettina Lotz (Lindner-Adomeit)<\/p>\n","protected":false},"author":1,"featured_media":0,"parent":0,"menu_order":0,"comment_status":"closed","ping_status":"open","template":"","meta":{"footnotes":""},"class_list":["post-2","page","type-page","status-publish","hentry"],"_links":{"self":[{"href":"https:\/\/bettina-lotz.de\/index.php?rest_route=\/wp\/v2\/pages\/2","targetHints":{"allow":["GET"]}}],"collection":[{"href":"https:\/\/bettina-lotz.de\/index.php?rest_route=\/wp\/v2\/pages"}],"about":[{"href":"https:\/\/bettina-lotz.de\/index.php?rest_route=\/wp\/v2\/types\/page"}],"author":[{"embeddable":true,"href":"https:\/\/bettina-lotz.de\/index.php?rest_route=\/wp\/v2\/users\/1"}],"replies":[{"embeddable":true,"href":"https:\/\/bettina-lotz.de\/index.php?rest_route=%2Fwp%2Fv2%2Fcomments&post=2"}],"version-history":[{"count":8,"href":"https:\/\/bettina-lotz.de\/index.php?rest_route=\/wp\/v2\/pages\/2\/revisions"}],"predecessor-version":[{"id":216,"href":"https:\/\/bettina-lotz.de\/index.php?rest_route=\/wp\/v2\/pages\/2\/revisions\/216"}],"wp:attachment":[{"href":"https:\/\/bettina-lotz.de\/index.php?rest_route=%2Fwp%2Fv2%2Fmedia&parent=2"}],"curies":[{"name":"wp","href":"https:\/\/api.w.org\/{rel}","templated":true}]}}