{"id":24,"date":"2018-07-21T09:24:29","date_gmt":"2018-07-21T09:24:29","guid":{"rendered":"http:\/\/design.bettina-lotz.de\/?page_id=24"},"modified":"2018-07-24T08:42:05","modified_gmt":"2018-07-24T08:42:05","slug":"arbeiten","status":"publish","type":"page","link":"https:\/\/bettina-lotz.de\/?page_id=24","title":{"rendered":"Arbeiten"},"content":{"rendered":"<p class=\"p1\">Dem Bauhausgedanken folgend, verbinde ich in meiner Arbeit Tradition und Moderne. Nach meinem Diplom in Interieur-Design an der Burg Giebichenstein<span class=\"Apple-converted-space\">\u00a0 <\/span>habe ich mich auf Fl\u00e4chengestaltung, z.B. Seide, Baumwolle, Leinen, Teppiche, Gef\u00e4\u00dfe und Fliesen fokussiert. Weitere Schwerpunkte sehe ich f\u00fcr mich in Malerei und Grafik.<\/p>\n<p class=\"p1\">Hier finden Sie meine Arbeiten in den Bereichen\u00a0<a href=\"http:\/\/design.bettina-lotz.de\/?page_id=92\">Keramik<\/a>, <a href=\"http:\/\/design.bettina-lotz.de\/?page_id=115\">Malerei, Grafik<\/a> und <a href=\"http:\/\/design.bettina-lotz.de\/?page_id=160\">Textil<\/a>.<!--more--><\/p>\n","protected":false},"excerpt":{"rendered":"<p>Dem Bauhausgedanken folgend, verbinde ich in meiner Arbeit Tradition und Moderne. Nach meinem Diplom in Interieur-Design an der Burg Giebichenstein\u00a0 habe ich mich auf Fl\u00e4chengestaltung, z.B. Seide, Baumwolle, Leinen, Teppiche, Gef\u00e4\u00dfe und Fliesen fokussiert. Weitere Schwerpunkte sehe ich f\u00fcr mich in Malerei und Grafik. Hier finden Sie meine Arbeiten in den Bereichen\u00a0Keramik, Malerei, Grafik und &hellip; <\/p>\n<p class=\"link-more\"><a href=\"https:\/\/bettina-lotz.de\/?page_id=24\" class=\"more-link\"><span class=\"screen-reader-text\">\u201eArbeiten\u201c <\/span>weiterlesen<\/a><\/p>\n","protected":false},"author":1,"featured_media":215,"parent":0,"menu_order":0,"comment_status":"closed","ping_status":"closed","template":"","meta":{"footnotes":""},"class_list":["post-24","page","type-page","status-publish","has-post-thumbnail","hentry"],"_links":{"self":[{"href":"https:\/\/bettina-lotz.de\/index.php?rest_route=\/wp\/v2\/pages\/24","targetHints":{"allow":["GET"]}}],"collection":[{"href":"https:\/\/bettina-lotz.de\/index.php?rest_route=\/wp\/v2\/pages"}],"about":[{"href":"https:\/\/bettina-lotz.de\/index.php?rest_route=\/wp\/v2\/types\/page"}],"author":[{"embeddable":true,"href":"https:\/\/bettina-lotz.de\/index.php?rest_route=\/wp\/v2\/users\/1"}],"replies":[{"embeddable":true,"href":"https:\/\/bettina-lotz.de\/index.php?rest_route=%2Fwp%2Fv2%2Fcomments&post=24"}],"version-history":[{"count":13,"href":"https:\/\/bettina-lotz.de\/index.php?rest_route=\/wp\/v2\/pages\/24\/revisions"}],"predecessor-version":[{"id":224,"href":"https:\/\/bettina-lotz.de\/index.php?rest_route=\/wp\/v2\/pages\/24\/revisions\/224"}],"wp:featuredmedia":[{"embeddable":true,"href":"https:\/\/bettina-lotz.de\/index.php?rest_route=\/wp\/v2\/media\/215"}],"wp:attachment":[{"href":"https:\/\/bettina-lotz.de\/index.php?rest_route=%2Fwp%2Fv2%2Fmedia&parent=24"}],"curies":[{"name":"wp","href":"https:\/\/api.w.org\/{rel}","templated":true}]}}